{"id":21,"date":"2025-10-09T07:38:51","date_gmt":"2025-10-09T10:38:51","guid":{"rendered":"https:\/\/sites.generatepress.com\/nova\/?page_id=21"},"modified":"2025-10-10T05:50:15","modified_gmt":"2025-10-10T08:50:15","slug":"quienes-somos","status":"publish","type":"page","link":"https:\/\/www.diario22.ar\/notix2\/quienes-somos\/","title":{"rendered":"\u00bfQui\u00e9nes somos?"},"content":{"rendered":"\n<div class=\"gbp-section gb-element-73bdf0b7\">\n<div class=\"gbp-section__inner gb-element-098c3d32\">\n<div class=\"gb-element-e57e611b\">\n<h1 class=\"gb-text gbp-section__headline\">Somos la voz del ahora<\/h1>\n\n\n\n<p class=\"gb-text gbp-section__text\"><em>Nacimos con una idea simple: contar lo que pasa, cuando pasa, y c\u00f3mo realmente se vive.<\/em><br><strong>Diario22.ar<\/strong> surge en 2022, en plena transformaci\u00f3n digital de los medios, con la misi\u00f3n de ofrecer una mirada fresca, cercana y aut\u00e9ntica sobre la actualidad argentina y global. Somos periodistas, curiosos, creativos y ciudadanos conectados con la realidad cotidiana. Nuestro objetivo es informar, inspirar y entretener a una comunidad que busca algo m\u00e1s que titulares: busca contexto, historias y verdad.<\/p>\n<\/div>\n\n\n\n<img decoding=\"async\" width=\"1248\" height=\"832\" class=\"gb-media-f4dd9848\" src=\"https:\/\/www.diario22.ar\/notix2\/wp-content\/uploads\/2025\/10\/diario22.ar-4.png\" title=\"diario22.ar (4)\" alt=\"\" srcset=\"https:\/\/www.diario22.ar\/notix2\/wp-content\/uploads\/2025\/10\/diario22.ar-4.png 1248w, https:\/\/www.diario22.ar\/notix2\/wp-content\/uploads\/2025\/10\/diario22.ar-4-300x200.png 300w, https:\/\/www.diario22.ar\/notix2\/wp-content\/uploads\/2025\/10\/diario22.ar-4-1024x683.png 1024w, https:\/\/www.diario22.ar\/notix2\/wp-content\/uploads\/2025\/10\/diario22.ar-4-768x512.png 768w\" sizes=\"(max-width: 1248px) 100vw, 1248px\" \/>\n<\/div>\n<\/div>\n\n\n\n<div class=\"gbp-section gb-element-d69dfd97\">\n<div class=\"gbp-section__inner gb-element-f1bd446b\">\n<div>\n<h2 class=\"gb-text gbp-section__headline\">Creemos en un periodismo que conecta, inspira y evoluciona.<br><\/h2>\n<\/div>\n\n\n\n<div>\n<p class=\"gb-text gbp-section__text\">Detr\u00e1s de cada nota, hay una forma de ver el mundo: con curiosidad, con responsabilidad y con pasi\u00f3n. Estos son los valores que gu\u00edan cada historia que contamos y cada voz que elegimos amplificar.<\/p>\n<\/div>\n<\/div>\n\n\n\n<div class=\"gbp-section__inner gb-element-9c212431\">\n<div>\n<h3 class=\"gb-text gbp-section__headline\">Autenticidad<\/h3>\n\n\n\n<p class=\"gb-text gbp-section__text\">Contamos las cosas como son. Sin filtros, sin adornos innecesarios. Creemos en la transparencia, en las fuentes verificadas y en un periodismo que se atreve a decir lo que otros callan.<\/p>\n<\/div>\n\n\n\n<div>\n<h3 class=\"gb-text gbp-section__headline\">Cercan\u00eda<\/h3>\n\n\n\n<p class=\"gb-text gbp-section__text\">Hablamos como vos, pensamos con vos. Queremos que cada lectura se sienta como una charla con un amigo informado, no como un discurso desde arriba.<\/p>\n<\/div>\n\n\n\n<div>\n<h3 class=\"gb-text gbp-section__headline\">Innovaci\u00f3n<\/h3>\n\n\n\n<p class=\"gb-text gbp-section__text\">El mundo cambia cada minuto, y nosotros tambi\u00e9n. Apostamos por nuevos formatos, historias interactivas y una mirada digital que evoluciona con nuestra audiencia.<\/p>\n<\/div>\n<\/div>\n<\/div>\n","protected":false},"excerpt":{"rendered":"<p>Somos la voz del ahora Nacimos con una idea simple: contar lo que pasa, cuando pasa, y c\u00f3mo realmente se<\/p>\n","protected":false},"author":1,"featured_media":0,"parent":0,"menu_order":0,"comment_status":"closed","ping_status":"closed","template":"","meta":{"footnotes":""},"class_list":["post-21","page","type-page","status-publish"],"yoast_head":"<!-- This site is optimized with the Yoast SEO plugin v26.1.1 - https:\/\/yoast.com\/wordpress\/plugins\/seo\/ -->\n<title>\u00bfQui\u00e9nes somos? - diario22.ar<\/title>\n<meta name=\"robots\" content=\"index, follow, max-snippet:-1, max-image-preview:large, max-video-preview:-1\" \/>\n<link rel=\"canonical\" href=\"https:\/\/www.diario22.ar\/notix2\/quienes-somos\/\" \/>\n<meta property=\"og:locale\" content=\"es_ES\" \/>\n<meta property=\"og:type\" content=\"article\" \/>\n<meta property=\"og:title\" content=\"\u00bfQui\u00e9nes somos? - diario22.ar\" \/>\n<meta property=\"og:description\" content=\"Somos la voz del ahora Nacimos con una idea simple: contar lo que pasa, cuando pasa, y c\u00f3mo realmente se\" \/>\n<meta property=\"og:url\" content=\"https:\/\/www.diario22.ar\/notix2\/quienes-somos\/\" \/>\n<meta property=\"og:site_name\" content=\"diario22.ar\" \/>\n<meta property=\"article:modified_time\" content=\"2025-10-10T08:50:15+00:00\" \/>\n<meta property=\"og:image\" content=\"https:\/\/www.diario22.ar\/notix2\/wp-content\/uploads\/2025\/10\/diario22.ar-4.png\" \/>\n<meta name=\"twitter:card\" content=\"summary_large_image\" \/>\n<meta name=\"twitter:label1\" content=\"Tiempo de lectura\" \/>\n\t<meta name=\"twitter:data1\" content=\"2 minutos\" \/>\n<script type=\"application\/ld+json\" class=\"yoast-schema-graph\">{\"@context\":\"https:\/\/schema.org\",\"@graph\":[{\"@type\":\"WebPage\",\"@id\":\"https:\/\/www.diario22.ar\/notix2\/quienes-somos\/\",\"url\":\"https:\/\/www.diario22.ar\/notix2\/quienes-somos\/\",\"name\":\"\u00bfQui\u00e9nes somos? - diario22.ar\",\"isPartOf\":{\"@id\":\"https:\/\/www.diario22.ar\/notix2\/#website\"},\"primaryImageOfPage\":{\"@id\":\"https:\/\/www.diario22.ar\/notix2\/quienes-somos\/#primaryimage\"},\"image\":{\"@id\":\"https:\/\/www.diario22.ar\/notix2\/quienes-somos\/#primaryimage\"},\"thumbnailUrl\":\"https:\/\/www.diario22.ar\/notix2\/wp-content\/uploads\/2025\/10\/diario22.ar-4.png\",\"datePublished\":\"2025-10-09T10:38:51+00:00\",\"dateModified\":\"2025-10-10T08:50:15+00:00\",\"breadcrumb\":{\"@id\":\"https:\/\/www.diario22.ar\/notix2\/quienes-somos\/#breadcrumb\"},\"inLanguage\":\"es-AR\",\"potentialAction\":[{\"@type\":\"ReadAction\",\"target\":[\"https:\/\/www.diario22.ar\/notix2\/quienes-somos\/\"]}]},{\"@type\":\"ImageObject\",\"inLanguage\":\"es-AR\",\"@id\":\"https:\/\/www.diario22.ar\/notix2\/quienes-somos\/#primaryimage\",\"url\":\"https:\/\/www.diario22.ar\/notix2\/wp-content\/uploads\/2025\/10\/diario22.ar-4.png\",\"contentUrl\":\"https:\/\/www.diario22.ar\/notix2\/wp-content\/uploads\/2025\/10\/diario22.ar-4.png\",\"width\":1248,\"height\":832},{\"@type\":\"BreadcrumbList\",\"@id\":\"https:\/\/www.diario22.ar\/notix2\/quienes-somos\/#breadcrumb\",\"itemListElement\":[{\"@type\":\"ListItem\",\"position\":1,\"name\":\"Home\",\"item\":\"https:\/\/www.diario22.ar\/notix2\/\"},{\"@type\":\"ListItem\",\"position\":2,\"name\":\"\u00bfQui\u00e9nes somos?\"}]},{\"@type\":\"WebSite\",\"@id\":\"https:\/\/www.diario22.ar\/notix2\/#website\",\"url\":\"https:\/\/www.diario22.ar\/notix2\/\",\"name\":\"diario22.ar\",\"description\":\"Vive hoy &amp; descubre lo que viene\",\"publisher\":{\"@id\":\"https:\/\/www.diario22.ar\/notix2\/#organization\"},\"potentialAction\":[{\"@type\":\"SearchAction\",\"target\":{\"@type\":\"EntryPoint\",\"urlTemplate\":\"https:\/\/www.diario22.ar\/notix2\/?s={search_term_string}\"},\"query-input\":{\"@type\":\"PropertyValueSpecification\",\"valueRequired\":true,\"valueName\":\"search_term_string\"}}],\"inLanguage\":\"es-AR\"},{\"@type\":\"Organization\",\"@id\":\"https:\/\/www.diario22.ar\/notix2\/#organization\",\"name\":\"diario22.ar\",\"url\":\"https:\/\/www.diario22.ar\/notix2\/\",\"logo\":{\"@type\":\"ImageObject\",\"inLanguage\":\"es-AR\",\"@id\":\"https:\/\/www.diario22.ar\/notix2\/#\/schema\/logo\/image\/\",\"url\":\"https:\/\/www.diario22.ar\/notix2\/wp-content\/uploads\/2025\/10\/cropped-Publish-1.png\",\"contentUrl\":\"https:\/\/www.diario22.ar\/notix2\/wp-content\/uploads\/2025\/10\/cropped-Publish-1.png\",\"width\":1560,\"height\":722,\"caption\":\"diario22.ar\"},\"image\":{\"@id\":\"https:\/\/www.diario22.ar\/notix2\/#\/schema\/logo\/image\/\"}}]}<\/script>\n<!-- \/ Yoast SEO plugin. -->","yoast_head_json":{"title":"\u00bfQui\u00e9nes somos? - diario22.ar","robots":{"index":"index","follow":"follow","max-snippet":"max-snippet:-1","max-image-preview":"max-image-preview:large","max-video-preview":"max-video-preview:-1"},"canonical":"https:\/\/www.diario22.ar\/notix2\/quienes-somos\/","og_locale":"es_ES","og_type":"article","og_title":"\u00bfQui\u00e9nes somos? - diario22.ar","og_description":"Somos la voz del ahora Nacimos con una idea simple: contar lo que pasa, cuando pasa, y c\u00f3mo realmente se","og_url":"https:\/\/www.diario22.ar\/notix2\/quienes-somos\/","og_site_name":"diario22.ar","article_modified_time":"2025-10-10T08:50:15+00:00","og_image":[{"url":"https:\/\/www.diario22.ar\/notix2\/wp-content\/uploads\/2025\/10\/diario22.ar-4.png","type":"","width":"","height":""}],"twitter_card":"summary_large_image","twitter_misc":{"Tiempo de lectura":"2 minutos"},"schema":{"@context":"https:\/\/schema.org","@graph":[{"@type":"WebPage","@id":"https:\/\/www.diario22.ar\/notix2\/quienes-somos\/","url":"https:\/\/www.diario22.ar\/notix2\/quienes-somos\/","name":"\u00bfQui\u00e9nes somos? - diario22.ar","isPartOf":{"@id":"https:\/\/www.diario22.ar\/notix2\/#website"},"primaryImageOfPage":{"@id":"https:\/\/www.diario22.ar\/notix2\/quienes-somos\/#primaryimage"},"image":{"@id":"https:\/\/www.diario22.ar\/notix2\/quienes-somos\/#primaryimage"},"thumbnailUrl":"https:\/\/www.diario22.ar\/notix2\/wp-content\/uploads\/2025\/10\/diario22.ar-4.png","datePublished":"2025-10-09T10:38:51+00:00","dateModified":"2025-10-10T08:50:15+00:00","breadcrumb":{"@id":"https:\/\/www.diario22.ar\/notix2\/quienes-somos\/#breadcrumb"},"inLanguage":"es-AR","potentialAction":[{"@type":"ReadAction","target":["https:\/\/www.diario22.ar\/notix2\/quienes-somos\/"]}]},{"@type":"ImageObject","inLanguage":"es-AR","@id":"https:\/\/www.diario22.ar\/notix2\/quienes-somos\/#primaryimage","url":"https:\/\/www.diario22.ar\/notix2\/wp-content\/uploads\/2025\/10\/diario22.ar-4.png","contentUrl":"https:\/\/www.diario22.ar\/notix2\/wp-content\/uploads\/2025\/10\/diario22.ar-4.png","width":1248,"height":832},{"@type":"BreadcrumbList","@id":"https:\/\/www.diario22.ar\/notix2\/quienes-somos\/#breadcrumb","itemListElement":[{"@type":"ListItem","position":1,"name":"Home","item":"https:\/\/www.diario22.ar\/notix2\/"},{"@type":"ListItem","position":2,"name":"\u00bfQui\u00e9nes somos?"}]},{"@type":"WebSite","@id":"https:\/\/www.diario22.ar\/notix2\/#website","url":"https:\/\/www.diario22.ar\/notix2\/","name":"diario22.ar","description":"Vive hoy &amp; descubre lo que viene","publisher":{"@id":"https:\/\/www.diario22.ar\/notix2\/#organization"},"potentialAction":[{"@type":"SearchAction","target":{"@type":"EntryPoint","urlTemplate":"https:\/\/www.diario22.ar\/notix2\/?s={search_term_string}"},"query-input":{"@type":"PropertyValueSpecification","valueRequired":true,"valueName":"search_term_string"}}],"inLanguage":"es-AR"},{"@type":"Organization","@id":"https:\/\/www.diario22.ar\/notix2\/#organization","name":"diario22.ar","url":"https:\/\/www.diario22.ar\/notix2\/","logo":{"@type":"ImageObject","inLanguage":"es-AR","@id":"https:\/\/www.diario22.ar\/notix2\/#\/schema\/logo\/image\/","url":"https:\/\/www.diario22.ar\/notix2\/wp-content\/uploads\/2025\/10\/cropped-Publish-1.png","contentUrl":"https:\/\/www.diario22.ar\/notix2\/wp-content\/uploads\/2025\/10\/cropped-Publish-1.png","width":1560,"height":722,"caption":"diario22.ar"},"image":{"@id":"https:\/\/www.diario22.ar\/notix2\/#\/schema\/logo\/image\/"}}]}},"_links":{"self":[{"href":"https:\/\/www.diario22.ar\/notix2\/wp-json\/wp\/v2\/pages\/21","targetHints":{"allow":["GET"]}}],"collection":[{"href":"https:\/\/www.diario22.ar\/notix2\/wp-json\/wp\/v2\/pages"}],"about":[{"href":"https:\/\/www.diario22.ar\/notix2\/wp-json\/wp\/v2\/types\/page"}],"author":[{"embeddable":true,"href":"https:\/\/www.diario22.ar\/notix2\/wp-json\/wp\/v2\/users\/1"}],"replies":[{"embeddable":true,"href":"https:\/\/www.diario22.ar\/notix2\/wp-json\/wp\/v2\/comments?post=21"}],"version-history":[{"count":0,"href":"https:\/\/www.diario22.ar\/notix2\/wp-json\/wp\/v2\/pages\/21\/revisions"}],"wp:attachment":[{"href":"https:\/\/www.diario22.ar\/notix2\/wp-json\/wp\/v2\/media?parent=21"}],"curies":[{"name":"wp","href":"https:\/\/api.w.org\/{rel}","templated":true}]}}